{"id":39,"date":"2022-11-03T16:37:48","date_gmt":"2022-11-03T16:37:48","guid":{"rendered":"https:\/\/alfonso.grupoeditorialarpasl.es\/?page_id=39"},"modified":"2022-11-04T12:23:34","modified_gmt":"2022-11-04T12:23:34","slug":"autodata","status":"publish","type":"page","link":"https:\/\/alfonso.grupoeditorialarpasl.es\/?page_id=39","title":{"rendered":"Autodata"},"content":{"rendered":"\n<figure class=\"wp-block-image size-large is-style-default wp-duotone-unset-1\"><img loading=\"lazy\" decoding=\"async\" width=\"890\" height=\"500\" src=\"https:\/\/alfonso.grupoeditorialarpasl.es\/wp-content\/uploads\/2022\/11\/Garage_Scene_1232820-1920x500-1-edited.png\" alt=\"\" class=\"wp-image-43\" srcset=\"https:\/\/alfonso.grupoeditorialarpasl.es\/wp-content\/uploads\/2022\/11\/Garage_Scene_1232820-1920x500-1-edited.png 890w, https:\/\/alfonso.grupoeditorialarpasl.es\/wp-content\/uploads\/2022\/11\/Garage_Scene_1232820-1920x500-1-edited-300x169.png 300w, https:\/\/alfonso.grupoeditorialarpasl.es\/wp-content\/uploads\/2022\/11\/Garage_Scene_1232820-1920x500-1-edited-768x431.png 768w\" sizes=\"auto, (max-width: 890px) 100vw, 890px\" \/><\/figure>\n\n\n\n<p>Nuestra misi\u00f3n es ser el proveedor m\u00e1s innovador, preciso y completo de informaci\u00f3n t\u00e9cnica para del mercado automovil\u00edstico. <\/p>\n\n\n\n<p>Desde 1972 hemos contado con una presencia fiable y respetada en el mercado de repuestos de autom\u00f3vil. Gracias a nuestros conocimientos y un largo historial de asociaciones en el sector, <em>proporcionamos&nbsp;informaci\u00f3n t\u00e9cnica<\/em> sobre veh\u00edculos, furgonetas y motocicletas&nbsp;a los profesionales del sector de repuestos de autom\u00f3vil.<\/p>\n\n\n\n<p>Nuestros datos est\u00e1n autorizados directamente por&nbsp;<em>170 fabricantes<\/em> e incluyen <em>43&nbsp;500 modelos&nbsp;de todo el mundo<\/em>, lo que nos convierte en el proveedor de&nbsp;servicios, mantenimiento y reparaciones m\u00e1s completo.<\/p>\n\n\n\n<h3 class=\"wp-block-heading\">\u00bfQu\u00e9 hacemos?<\/h3>\n\n\n\n<p>Toda nuestra plantilla de t\u00e9cnicos, desarrolladores, dise\u00f1adores gr\u00e1ficos, traductores y equipos de gesti\u00f3n expertos en automoci\u00f3n,<br>trabajan con el objetivo de proporcionar la informaci\u00f3n t\u00e9cnica <em>m\u00e1s precisa, eficaz y f\u00e1cil de utilizar<\/em> sobre automoci\u00f3n.<\/p>\n\n\n\n<p>El valor de nuestros datos t\u00e9cnicos no se basa \u00fanicamente en el car\u00e1cter esencial de la informaci\u00f3n, sino tambi\u00e9n en la&nbsp;<em>presentaci\u00f3n, normalizaci\u00f3n y fiabilidad del contenido<\/em>, lo que contribuye a la eficiencia con la que los t\u00e9cnicos pueden desempe\u00f1ar su trabajo.<\/p>\n\n\n\n<p>Nuestros profesionales son la base de nuestra capacidad para proporcionar la informaci\u00f3n t\u00e9cnica m\u00e1s precisa y fiable a nuestros clientes. Por este motivo, invertimos de manera significativa en la b\u00fasqueda de profesionales excepcionales y en la creaci\u00f3n de un entorno en el que los empleados puedan desarrollar sus habilidades y abrazar nuestros valores como organizaci\u00f3n.<\/p>\n\n\n\n<div class=\"wp-block-buttons is-layout-flex wp-block-buttons-is-layout-flex\">\n<div class=\"wp-block-button\"><a class=\"wp-block-button__link wp-element-button\" href=\"https:\/\/www.autodata-group.com\/es\/\" target=\"_blank\" rel=\"noreferrer noopener\">AUTODATA<\/a><\/div>\n<\/div>\n","protected":false},"excerpt":{"rendered":"<p>Nuestra misi\u00f3n es ser el proveedor m\u00e1s innovador, preciso y completo de informaci\u00f3n t\u00e9cnica para del mercado automovil\u00edstico. Desde 1972 hemos contado con una presencia fiable y respetada en el mercado de repuestos de autom\u00f3vil. Gracias a nuestros conocimientos y un largo historial de asociaciones en el sector, proporcionamos&nbsp;informaci\u00f3n t\u00e9cnica sobre veh\u00edculos, furgonetas y motocicletas&nbsp;a [&hellip;]<\/p>\n","protected":false},"author":1,"featured_media":0,"parent":0,"menu_order":0,"comment_status":"closed","ping_status":"closed","template":"","meta":{"footnotes":""},"class_list":["post-39","page","type-page","status-publish","hentry"],"_links":{"self":[{"href":"https:\/\/alfonso.grupoeditorialarpasl.es\/index.php?rest_route=\/wp\/v2\/pages\/39","targetHints":{"allow":["GET"]}}],"collection":[{"href":"https:\/\/alfonso.grupoeditorialarpasl.es\/index.php?rest_route=\/wp\/v2\/pages"}],"about":[{"href":"https:\/\/alfonso.grupoeditorialarpasl.es\/index.php?rest_route=\/wp\/v2\/types\/page"}],"author":[{"embeddable":true,"href":"https:\/\/alfonso.grupoeditorialarpasl.es\/index.php?rest_route=\/wp\/v2\/users\/1"}],"replies":[{"embeddable":true,"href":"https:\/\/alfonso.grupoeditorialarpasl.es\/index.php?rest_route=%2Fwp%2Fv2%2Fcomments&post=39"}],"version-history":[{"count":3,"href":"https:\/\/alfonso.grupoeditorialarpasl.es\/index.php?rest_route=\/wp\/v2\/pages\/39\/revisions"}],"predecessor-version":[{"id":117,"href":"https:\/\/alfonso.grupoeditorialarpasl.es\/index.php?rest_route=\/wp\/v2\/pages\/39\/revisions\/117"}],"wp:attachment":[{"href":"https:\/\/alfonso.grupoeditorialarpasl.es\/index.php?rest_route=%2Fwp%2Fv2%2Fmedia&parent=39"}],"curies":[{"name":"wp","href":"https:\/\/api.w.org\/{rel}","templated":true}]}}