{"id":13,"date":"2022-11-03T16:06:23","date_gmt":"2022-11-03T16:06:23","guid":{"rendered":"https:\/\/alfonso.grupoeditorialarpasl.es\/?page_id=13"},"modified":"2022-11-29T15:14:48","modified_gmt":"2022-11-29T15:14:48","slug":"productos-online","status":"publish","type":"page","link":"https:\/\/alfonso.grupoeditorialarpasl.es\/?page_id=13","title":{"rendered":"Productos"},"content":{"rendered":"\n<h3 class=\"wp-block-heading\">Selecci\u00f3n de programas online de Informaci\u00f3n t\u00e9cnica de veh\u00edculos<\/h3>\n\n\n\n<figure class=\"wp-block-image size-large\"><img loading=\"lazy\" decoding=\"async\" width=\"1024\" height=\"416\" src=\"https:\/\/alfonso.grupoeditorialarpasl.es\/wp-content\/uploads\/2022\/11\/4-IVA-1024x416.jpg\" alt=\"\" class=\"wp-image-29\" srcset=\"https:\/\/alfonso.grupoeditorialarpasl.es\/wp-content\/uploads\/2022\/11\/4-IVA-1024x416.jpg 1024w, https:\/\/alfonso.grupoeditorialarpasl.es\/wp-content\/uploads\/2022\/11\/4-IVA-300x122.jpg 300w, https:\/\/alfonso.grupoeditorialarpasl.es\/wp-content\/uploads\/2022\/11\/4-IVA-768x312.jpg 768w, https:\/\/alfonso.grupoeditorialarpasl.es\/wp-content\/uploads\/2022\/11\/4-IVA.jpg 1280w\" sizes=\"auto, (max-width: 1024px) 100vw, 1024px\" \/><\/figure>\n\n\n\n<hr class=\"wp-block-separator has-alpha-channel-opacity\"\/>\n\n\n\n<h3 class=\"wp-block-heading\">Programa D&amp;R<\/h3>\n\n\n\n<h6 class=\"wp-block-heading\">Diagn\u00f3stico y Reparaci\u00f3n<\/h6>\n\n\n\n<figure class=\"wp-block-image size-large\"><img loading=\"lazy\" decoding=\"async\" width=\"1024\" height=\"416\" src=\"https:\/\/alfonso.grupoeditorialarpasl.es\/wp-content\/uploads\/2022\/11\/oferta-3--1024x416.png\" alt=\"\" class=\"wp-image-76\" srcset=\"https:\/\/alfonso.grupoeditorialarpasl.es\/wp-content\/uploads\/2022\/11\/oferta-3--1024x416.png 1024w, https:\/\/alfonso.grupoeditorialarpasl.es\/wp-content\/uploads\/2022\/11\/oferta-3--300x122.png 300w, https:\/\/alfonso.grupoeditorialarpasl.es\/wp-content\/uploads\/2022\/11\/oferta-3--768x312.png 768w, https:\/\/alfonso.grupoeditorialarpasl.es\/wp-content\/uploads\/2022\/11\/oferta-3-.png 1280w\" sizes=\"auto, (max-width: 1024px) 100vw, 1024px\" \/><\/figure>\n\n\n\n<figure class=\"wp-block-table\"><table><tbody><tr><td><strong>Especificaciones t\u00e9cnicas<\/strong><br>\u00b7 Neum\u00e1ticos, frenos y ruedas.<br>\u00b7 L\u00edquidos, lubricantes y pares de apriete.<br>\u00b7 Cajas de fusibles y rel\u00e9s.<\/td><td><strong>Gu\u00edas de revisi\u00f3n<\/strong><br>\u00b7 Programas de revisi\u00f3n de los fabricantes.<br>\u00b7 Ilustraciones detalladas.<br>\u00b7 Reajustes de intervalos de revisi\u00f3n.<\/td><\/tr><tr><td><strong>Procedimientos de mantenimiento<\/strong><br>\u00b7 Sustituci\u00f3n de correas\/cadenas de la distribuci\u00f3n.<br>\u00b7 Desactivaci\u00f3n del freno de estacionamiento el\u00e9ctrico (EPB).<br>\u00b7 Sistema de supervisi\u00f3n de presi\u00f3n de neum\u00e1ticos (TPMS).<br>\u00b7 Bater\u00eda.<br>\u00b7 Programaci\u00f3n de llaves.<\/td><td><strong>Informaci\u00f3n sobre sistemas del veh\u00edculo y su reparaci\u00f3n<\/strong><br>\u00b7 Gesti\u00f3n del motor.<br>\u00b7 Embragues.<br>\u00b7 Post-tratamiento de gases de escape de motores di\u00e9sel.<br>. ABS\/ESOP.<br>\u00b7 Airbags.<br>\u00b7 Climatizaci\u00f3n.<\/td><\/tr><tr><td><strong>Diagnosis y soluci\u00f3n de problemas<\/strong><br>\u00b7 Esquemas el\u00e9ctricos.<br>\u00b7 Soluci\u00f3n de problemas mediante c\u00f3digos de aver\u00eda (DTC).<br>\u00b7 Datos de terminales del m\u00f3dulo de control.<br>\u00b7 Soluciones de problemas e informaci\u00f3n de reparaci\u00f3n.<\/td><td><strong>Autodata Workshop<\/strong><br>\u00b7 M\u00e1s de 350 v\u00eddeos de capacitaci\u00f3n.<br>\u00b7 Actualizaciones cada mes con contenido nuevo.<br><strong>Demo<\/strong><br>\u00b7 Un mes de uso del programa completo.<\/td><\/tr><\/tbody><\/table><\/figure>\n\n\n\n<p><em>Este programa se puede pagar al contado o financiar en 4 o 12 meses.<\/em><\/p>\n\n\n\n<div class=\"wp-block-buttons is-layout-flex wp-block-buttons-is-layout-flex\">\n<div class=\"wp-block-button\"><a class=\"wp-block-button__link wp-element-button\" href=\"https:\/\/drive.google.com\/file\/d\/1GK10erq7snne91AM8dGkXTOXfN_IL3Ru\/view?usp=share_link\" target=\"_blank\" rel=\"noreferrer noopener\">+ INFO<\/a><\/div>\n<\/div>\n\n\n\n<hr class=\"wp-block-separator has-alpha-channel-opacity\"\/>\n\n\n\n<h3 class=\"wp-block-heading\">Programa S&amp;M<\/h3>\n\n\n\n<p>SERVICIO Y MANTENIMIENTO<\/p>\n\n\n\n<figure class=\"wp-block-image size-large\"><img loading=\"lazy\" decoding=\"async\" width=\"1024\" height=\"416\" src=\"https:\/\/alfonso.grupoeditorialarpasl.es\/wp-content\/uploads\/2022\/11\/oferta-1-1024x416.png\" alt=\"\" class=\"wp-image-77\" srcset=\"https:\/\/alfonso.grupoeditorialarpasl.es\/wp-content\/uploads\/2022\/11\/oferta-1-1024x416.png 1024w, https:\/\/alfonso.grupoeditorialarpasl.es\/wp-content\/uploads\/2022\/11\/oferta-1-300x122.png 300w, https:\/\/alfonso.grupoeditorialarpasl.es\/wp-content\/uploads\/2022\/11\/oferta-1-768x312.png 768w, https:\/\/alfonso.grupoeditorialarpasl.es\/wp-content\/uploads\/2022\/11\/oferta-1.png 1280w\" sizes=\"auto, (max-width: 1024px) 100vw, 1024px\" \/><\/figure>\n\n\n\n<figure class=\"wp-block-table\"><table><tbody><tr><td><strong>Especificaciones t\u00e9cnicas<\/strong><br>\u00b7 Neum\u00e1ticos, frenos y ruedas.<br>\u00b7 L\u00edquidos, lubricantes y pares de apriete.<br>\u00b7 Cajas de fusibles y rel\u00e9s.<br>\u00b7 Esquemas el\u00e9ctricos y sistemas de diagnosis<\/td><td><strong>Gu\u00edas de revisi\u00f3n<\/strong><br>\u00b7 Programas de revisi\u00f3n de los fabricantes.<br>\u00b7 Ilustraciones detalladas.<br>\u00b7 Reajustes de intervalos de revisi\u00f3n.<\/td><\/tr><tr><td><strong>Procedimientos de mantenimiento<\/strong><br>\u00b7 Sustituci\u00f3n de correas de distribuci\u00f3n.<br>\u00b7 Desactivaci\u00f3n del freno de estacionamiento el\u00e9ctrico (EPB).<br>\u00b7 Sistema de supervisi\u00f3n de presi\u00f3n de neum\u00e1ticos (TPMS).<br>\u00b7 Programaci\u00f3n de llaves.<\/td><td><strong>Autodata Workshop<\/strong><br>\u00b7 M\u00e1s de 350 v\u00eddeos de capacitaci\u00f3n.<br>\u00b7 Actualizaciones cada mes con contenido nuevo.<br><strong>Demo<\/strong><br>\u00b7 Un mes de uso del programa completo.<\/td><\/tr><\/tbody><\/table><\/figure>\n\n\n\n<p><em>Este programa se puede pagar al contado o financiar en 2 meses.<\/em><\/p>\n\n\n\n<hr class=\"wp-block-separator has-alpha-channel-opacity\"\/>\n\n\n\n<h3 class=\"wp-block-heading\">Programa Motos<\/h3>\n\n\n\n<figure class=\"wp-block-image size-large\"><img loading=\"lazy\" decoding=\"async\" width=\"1024\" height=\"416\" src=\"https:\/\/alfonso.grupoeditorialarpasl.es\/wp-content\/uploads\/2022\/11\/oferta-2--1024x416.png\" alt=\"\" class=\"wp-image-78\" srcset=\"https:\/\/alfonso.grupoeditorialarpasl.es\/wp-content\/uploads\/2022\/11\/oferta-2--1024x416.png 1024w, https:\/\/alfonso.grupoeditorialarpasl.es\/wp-content\/uploads\/2022\/11\/oferta-2--300x122.png 300w, https:\/\/alfonso.grupoeditorialarpasl.es\/wp-content\/uploads\/2022\/11\/oferta-2--768x312.png 768w, https:\/\/alfonso.grupoeditorialarpasl.es\/wp-content\/uploads\/2022\/11\/oferta-2-.png 1280w\" sizes=\"auto, (max-width: 1024px) 100vw, 1024px\" \/><\/figure>\n\n\n\n<p>\u00b7 Mantenimiento y reparaciones comunes.<br>\u00b7 Peso en orden de marcha.<br>\u00b7  Reglaje y emisiones.<br>\u00b7 Tama\u00f1os de surtidores y ajustes de carburador.<br>\u00b7 Tipos de capacidades de aceites.<br>\u00b7 Pares de apriete.<br>\u00b7 C\u00f3digos de aver\u00eda.<br>\u00b7 Tiempos de reparaci\u00f3n.<br>\u00b7 Cobertura de 6.800 modelos.<br>\u00b7 M\u00e1s de 350 v\u00eddeos de capacitaci\u00f3n.<br>\u00b7 Autodata Workshop y Demo<\/p>\n\n\n\n<div class=\"wp-block-buttons is-layout-flex wp-block-buttons-is-layout-flex\">\n<div class=\"wp-block-button\"><a class=\"wp-block-button__link wp-element-button\" href=\"https:\/\/drive.google.com\/file\/d\/17iATMVl10Uxa5c_mPA7BufRR-j5WepnH\/view?usp=share_link\" target=\"_blank\" rel=\"noreferrer noopener\">+ INFO<\/a><\/div>\n<\/div>\n\n\n\n<hr class=\"wp-block-separator has-alpha-channel-opacity\"\/>\n\n\n\n<h2 class=\"has-text-align-left wp-block-heading\">\u00bfInteresado?<\/h2>\n\n\n\n<div class=\"wp-block-buttons is-layout-flex wp-block-buttons-is-layout-flex\">\n<div class=\"wp-block-button alignleft\"><a class=\"wp-block-button__link wp-element-button\" href=\"tel:914748708\" target=\"_blank\" rel=\"noreferrer noopener\">\u00a1LLAMA YA!<\/a><\/div>\n<\/div>\n","protected":false},"excerpt":{"rendered":"<p>Selecci\u00f3n de programas online de Informaci\u00f3n t\u00e9cnica de veh\u00edculos Programa D&amp;R Diagn\u00f3stico y Reparaci\u00f3n Especificaciones t\u00e9cnicas\u00b7 Neum\u00e1ticos, frenos y ruedas.\u00b7 L\u00edquidos, lubricantes y pares de apriete.\u00b7 Cajas de fusibles y rel\u00e9s. Gu\u00edas de revisi\u00f3n\u00b7 Programas de revisi\u00f3n de los fabricantes.\u00b7 Ilustraciones detalladas.\u00b7 Reajustes de intervalos de revisi\u00f3n. Procedimientos de mantenimiento\u00b7 Sustituci\u00f3n de correas\/cadenas de la [&hellip;]<\/p>\n","protected":false},"author":1,"featured_media":0,"parent":0,"menu_order":0,"comment_status":"closed","ping_status":"closed","template":"","meta":{"footnotes":""},"class_list":["post-13","page","type-page","status-publish","hentry"],"_links":{"self":[{"href":"https:\/\/alfonso.grupoeditorialarpasl.es\/index.php?rest_route=\/wp\/v2\/pages\/13","targetHints":{"allow":["GET"]}}],"collection":[{"href":"https:\/\/alfonso.grupoeditorialarpasl.es\/index.php?rest_route=\/wp\/v2\/pages"}],"about":[{"href":"https:\/\/alfonso.grupoeditorialarpasl.es\/index.php?rest_route=\/wp\/v2\/types\/page"}],"author":[{"embeddable":true,"href":"https:\/\/alfonso.grupoeditorialarpasl.es\/index.php?rest_route=\/wp\/v2\/users\/1"}],"replies":[{"embeddable":true,"href":"https:\/\/alfonso.grupoeditorialarpasl.es\/index.php?rest_route=%2Fwp%2Fv2%2Fcomments&post=13"}],"version-history":[{"count":36,"href":"https:\/\/alfonso.grupoeditorialarpasl.es\/index.php?rest_route=\/wp\/v2\/pages\/13\/revisions"}],"predecessor-version":[{"id":143,"href":"https:\/\/alfonso.grupoeditorialarpasl.es\/index.php?rest_route=\/wp\/v2\/pages\/13\/revisions\/143"}],"wp:attachment":[{"href":"https:\/\/alfonso.grupoeditorialarpasl.es\/index.php?rest_route=%2Fwp%2Fv2%2Fmedia&parent=13"}],"curies":[{"name":"wp","href":"https:\/\/api.w.org\/{rel}","templated":true}]}}